{"id":48,"date":"2017-08-22T15:37:15","date_gmt":"2017-08-22T13:37:15","guid":{"rendered":"http:\/\/parkmuzakowski.nid.pl\/de\/?page_id=48"},"modified":"2024-07-15T12:06:45","modified_gmt":"2024-07-15T10:06:45","slug":"projekte","status":"publish","type":"page","link":"https:\/\/parkmuzakowski.nid.pl\/de\/projekte\/","title":{"rendered":"PROJEKTE"},"content":{"rendered":"<p>[et_pb_section fb_built=&#8220;1&#8243; admin_label=&#8220;section&#8220; _builder_version=&#8220;4.16&#8243; custom_padding=&#8220;||0px|&#8220; global_colors_info=&#8220;{}&#8220;][et_pb_row _builder_version=&#8220;4.16&#8243; background_size=&#8220;initial&#8220; background_position=&#8220;top_left&#8220; background_repeat=&#8220;repeat&#8220; global_colors_info=&#8220;{}&#8220;][et_pb_column type=&#8220;4_4&#8243; _builder_version=&#8220;4.16&#8243; background_position=&#8220;top_left&#8220; custom_padding=&#8220;|||&#8220; custom_padding_tablet=&#8220;|0px||0px&#8220; custom_padding_last_edited=&#8220;off|desktop&#8220; global_colors_info=&#8220;{}&#8220; custom_padding__hover=&#8220;|||&#8220;][et_pb_text module_class=&#8220;title50&#8243; _builder_version=&#8220;4.16&#8243; border_style=&#8220;solid&#8220; global_colors_info=&#8220;{}&#8220;]<\/p>\n<h1>Projekte<\/h1>\n<p>[\/et_pb_text][et_pb_text admin_label=&#8220;intro&#8220; module_class=&#8220;intro&#8220; _builder_version=&#8220;4.26.1&#8243; header_text_align=&#8220;justify&#8220; custom_margin=&#8220;||0px|&#8220; custom_padding=&#8220;||0px|&#8220; border_style=&#8220;solid&#8220; global_colors_info=&#8220;{}&#8220;]<\/p>\n<p>Die Restaurierung des Muskauer Parks ist eine komplexe Aufgabe. Im polnischen Teil des Parks werden haupts\u00e4chlich Naturschutzprojekte durchgef\u00fchrt, wobei die Aktivit\u00e4ten im Bereich der Raum- und Anlagenplanung den gr\u00f6\u00dften Teil der Arbeiten ausmachen. Einzelne Aufgaben betreffen auch die Wiederherstellung des Wassersystems, der Wege, der Elemente der Parkausstattung und -architektur, einschlie\u00dflich der konservatorischen Instandsetzung.<\/p>\n<p>[\/et_pb_text][et_pb_text admin_label=&#8220;wi\u0119cej&#8220; module_class=&#8220;rmore50&#8243; _builder_version=&#8220;4.26.1&#8243; hover_enabled=&#8220;0&#8243; border_style=&#8220;solid&#8220; global_colors_info=&#8220;{}&#8220; header_text_align=&#8220;justify&#8220; sticky_enabled=&#8220;0&#8243;]<\/p>\n<p>Bildungsaktivit\u00e4ten sind integraler Bestandteil der denkmalpflegerischen Arbeiten, die im Rahmen aktueller Aufgaben und spezieller Projekte umgesetzt werden. Seit 2008 beteiligt sich der Muskauer Park an der Umsetzung eines grenz\u00fcberschreitenden Programms zur Aktivierung von Arbeitslosen \u201eArbeiten und Lernen \u00fcber Grenzen\u201c, in dem junge Menschen einen Beruf erlernen und die Objektbetreiber bei ihrer t\u00e4glichen Arbeit unterst\u00fctzen.<\/p>\n<p>[\/et_pb_text][\/et_pb_column][\/et_pb_row][\/et_pb_section]<\/p>\n","protected":false},"excerpt":{"rendered":"<p>Projekte Die Restaurierung des Muskauer Parks ist eine komplexe Aufgabe. Im polnischen Teil des Parks werden haupts\u00e4chlich Naturschutzprojekte durchgef\u00fchrt, wobei die Aktivit\u00e4ten im Bereich der Raum- und Anlagenplanung den gr\u00f6\u00dften Teil der Arbeiten ausmachen. Einzelne Aufgaben betreffen auch die Wiederherstellung des Wassersystems, der Wege, der Elemente der Parkausstattung und -architektur, einschlie\u00dflich der konservatorischen Instandsetzung.Bildungsaktivit\u00e4ten sind [&hellip;]<\/p>\n","protected":false},"author":1,"featured_media":0,"parent":0,"menu_order":0,"comment_status":"closed","ping_status":"closed","template":"","meta":{"_acf_changed":false,"_et_pb_use_builder":"on","_et_pb_old_content":"PROJEKTY","_et_gb_content_width":"","footnotes":""},"class_list":["post-48","page","type-page","status-publish","hentry"],"acf":[],"_links":{"self":[{"href":"https:\/\/parkmuzakowski.nid.pl\/de\/wp-json\/wp\/v2\/pages\/48","targetHints":{"allow":["GET"]}}],"collection":[{"href":"https:\/\/parkmuzakowski.nid.pl\/de\/wp-json\/wp\/v2\/pages"}],"about":[{"href":"https:\/\/parkmuzakowski.nid.pl\/de\/wp-json\/wp\/v2\/types\/page"}],"author":[{"embeddable":true,"href":"https:\/\/parkmuzakowski.nid.pl\/de\/wp-json\/wp\/v2\/users\/1"}],"replies":[{"embeddable":true,"href":"https:\/\/parkmuzakowski.nid.pl\/de\/wp-json\/wp\/v2\/comments?post=48"}],"version-history":[{"count":0,"href":"https:\/\/parkmuzakowski.nid.pl\/de\/wp-json\/wp\/v2\/pages\/48\/revisions"}],"wp:attachment":[{"href":"https:\/\/parkmuzakowski.nid.pl\/de\/wp-json\/wp\/v2\/media?parent=48"}],"curies":[{"name":"wp","href":"https:\/\/api.w.org\/{rel}","templated":true}]}}